{"id":1010,"date":"2019-07-27T05:24:31","date_gmt":"2019-07-27T05:24:31","guid":{"rendered":"https:\/\/iqonic.design\/wp-themes\/consultab\/?page_id=1010"},"modified":"2021-05-03T15:22:19","modified_gmt":"2021-05-03T15:22:19","slug":"processo","status":"publish","type":"page","link":"https:\/\/everycent.pt\/finance\/processo\/","title":{"rendered":"Processo"},"content":{"rendered":"<p>[vc_row css=&#8221;.vc_custom_1596050017408{padding-top: 30px !important;padding-bottom: 60px !important;}&#8221;][vc_column width=&#8221;2\/3&#8243;]<div class=\"title-box  text-left \"><span class=\"title-design\">Processo<\/span><h2 class=\"title\">Como beneficiar dos nossos servi\u00e7os:<\/h2><\/div>[\/vc_column][vc_column width=&#8221;1\/3&#8243;][\/vc_column][\/vc_row][vc_row css=&#8221;.vc_custom_1605094865181{padding-top: 0px !important;padding-bottom: 36px !important;}&#8221;][vc_column]\n\t<div class=\"row\">\n\n\t\t<div class=\"col-md-12 col-sm-12 col-xs-12\">\n\n\t\t\t<section class=\"main-timeline-section \">\n\n\t\t\t    <div class=\"conference-center-line\"><\/div>\n\n\t\t\t    <div class=\"conference-timeline-content\">\n\n\t\t\t\t\t    <div class=\"timeline-article content-left-container\">\n\t\t\t\t\t \n\t\t\t\t        \t<div class=\"meta-date\"><\/div>\n\n\t\t\t\t\t        <div class=\"content-box\">\n\n\t\t\t\t\t            <div class=\"iqtml-top-box\">\n\t\t\t\t\t        \t    <div class=\"data1\">\n\t\t\t\t\t        \t        <h3 style=\"color: #313e5b;\" class=\"title\"><i aria-hidden=\"true\" class=\"fa fa-search\"><\/i> Realizar Briefing explorat\u00f3rio<\/h3>\n\t\t\t\t\t        \t        <h1 style=\"color: #313e5b;\"> <\/h1>\n\t\t\t\t\t        \t    <\/div>\n\t\t                            <div class=\"data2\"><\/div>\n\t\t\t\t\t        \t<\/div>\n\t\t                            <ul class=\"iq-contant\">\n\t\t                                <li>Apresenta\u00e7\u00e3o do \"universo\" Everycent<\/li>\n\t\t                            <\/ul>\n\t\t                            <ul class=\"iq-contant\">\n\t\t                                <li>Conhecer o enquadramento da Empresa Cliente e sua caracteriza\u00e7\u00e3o<\/li>\n\t\t                            <\/ul>\n\t\t                            <ul class=\"iq-contant\">\n\t\t                                <li>Entendimento sobre o novo Projeto (Startup)<\/li>\n\t\t                            <\/ul>\n\t\t\t\t\t        <\/div>\n\n\t\t\t\t\t    <\/div>\n\n\t\t\t\t\t    <div class=\"timeline-article content-right-container\">\n\t\t\t\t\t \n\t\t\t\t        \t<div class=\"meta-date\"><\/div>\n\n\t\t\t\t\t        <div class=\"content-box\">\n\n\t\t\t\t\t            <div class=\"iqtml-top-box\">\n\t\t\t\t\t        \t    <div class=\"data1\">\n\t\t\t\t\t        \t        <h3 style=\"color: #313e5b;\" class=\"title\"><i aria-hidden=\"true\" class=\"fa fa-file-text-o\"><\/i> Identificar e apresentar a Proposta de Valor<\/h3>\n\t\t\t\t\t        \t        <h1 style=\"color: #313e5b;\"> <\/h1>\n\t\t\t\t\t        \t    <\/div>\n\t\t                            <div class=\"data2\"><\/div>\n\t\t\t\t\t        \t<\/div>\n\t\t                            <ul class=\"iq-contant\">\n\t\t                                <li>Confirma\u00e7\u00e3o de requisitos<\/li>\n\t\t                            <\/ul>\n\t\t                            <ul class=\"iq-contant\">\n\t\t                                <li>Alinhar e estabelecer objetivos a atingir<\/li>\n\t\t                            <\/ul>\n\t\t                            <ul class=\"iq-contant\">\n\t\t                                <li>Conhecer a equipa do cliente<\/li>\n\t\t                            <\/ul>\n\t\t                            <ul class=\"iq-contant\">\n\t\t                                <li>Fechar condi\u00e7\u00f5es contratuais<\/li>\n\t\t                            <\/ul>\n\t\t\t\t\t        <\/div>\n\n\t\t\t\t\t    <\/div>\n\n\t\t\t\t\t    <div class=\"timeline-article content-left-container\">\n\t\t\t\t\t \n\t\t\t\t        \t<div class=\"meta-date\"><\/div>\n\n\t\t\t\t\t        <div class=\"content-box\">\n\n\t\t\t\t\t            <div class=\"iqtml-top-box\">\n\t\t\t\t\t        \t    <div class=\"data1\">\n\t\t\t\t\t        \t        <h3 style=\"color: #313e5b;\" class=\"title\"><i aria-hidden=\"true\" class=\"fa fa-handshake-o\"><\/i>Avan\u00e7ar!<\/h3>\n\t\t\t\t\t        \t        <h1 style=\"color: #313e5b;\"> <\/h1>\n\t\t\t\t\t        \t    <\/div>\n\t\t                            <div class=\"data2\"><\/div>\n\t\t\t\t\t        \t<\/div>\n\t\t                            <ul class=\"iq-contant\">\n\t\t                                <li>Estabelecer canais de comunica\u00e7\u00e3o<\/li>\n\t\t                            <\/ul>\n\t\t                            <ul class=\"iq-contant\">\n\t\t                                <li>Integrar sistemas (quando necess\u00e1rio)<\/li>\n\t\t                            <\/ul>\n\t\t\t\t\t        <\/div>\n\n\t\t\t\t\t    <\/div>\n\n\t\t\t\t\t    <div class=\"timeline-article content-right-container\">\n\t\t\t\t\t \n\t\t\t\t        \t<div class=\"meta-date\"><\/div>\n\n\t\t\t\t\t        <div class=\"content-box\">\n\n\t\t\t\t\t            <div class=\"iqtml-top-box\">\n\t\t\t\t\t        \t    <div class=\"data1\">\n\t\t\t\t\t        \t        <h3 style=\"color: #313e5b;\" class=\"title\"><i aria-hidden=\"true\" class=\"fa fa-line-chart\"><\/i> Beneficiar da Parceria<\/h3>\n\t\t\t\t\t        \t        <h1 style=\"color: #313e5b;\"> <\/h1>\n\t\t\t\t\t        \t    <\/div>\n\t\t                            <div class=\"data2\"><\/div>\n\t\t\t\t\t        \t<\/div>\n\t\t                            <ul class=\"iq-contant\">\n\t\t                                <li>Cumprir com objetivos espec\u00edficos contratados, monitoriz\u00e1-los e reavali\u00e1-los<\/li>\n\t\t                            <\/ul>\n\t\t                            <ul class=\"iq-contant\">\n\t\t                                <li>Relat\u00f3rios de gest\u00e3o peri\u00f3dicos<\/li>\n\t\t                            <\/ul>\n\t\t                            <ul class=\"iq-contant\">\n\t\t                                <li>Efici\u00eancia fiscal<\/li>\n\t\t                            <\/ul>\n\t\t                            <ul class=\"iq-contant\">\n\t\t                                <li>Apoio \u00e0 tomada de decis\u00e3o<\/li>\n\t\t                            <\/ul>\n\t\t                            <ul class=\"iq-contant\">\n\t\t                                <li>Custos otimizados<\/li>\n\t\t                            <\/ul>\n\t\t                            <ul class=\"iq-contant\">\n\t\t                                <li>Monitorizar e reavaliar periodicamente a nossa parceria<\/li>\n\t\t                            <\/ul>\n\t\t\t\t\t        <\/div>\n\n\t\t\t\t\t    <\/div>    \n\t\t\t\t<\/div>\n\n\t\t  \t<\/section>\n\n\t\t<\/div>\n\n\t<\/div>[\/vc_column][\/vc_row]<\/p>\n","protected":false},"excerpt":{"rendered":"<p>[vc_row css=&#8221;.vc_custom_1596050017408{padding-top: 30px !important;padding-bottom: 60px !important;}&#8221;][vc_column width=&#8221;2\/3&#8243;][\/vc_column][vc_column width=&#8221;1\/3&#8243;][\/vc_column][\/vc_row][vc_row css=&#8221;.vc_custom_1605094865181{padding-top: 0px !important;padding-bottom: 36px !important;}&#8221;][vc_column][\/vc_column][\/vc_row]<\/p>\n","protected":false},"author":1,"featured_media":0,"parent":0,"menu_order":0,"comment_status":"closed","ping_status":"closed","template":"full-page.php","meta":[],"yoast_head":"<!-- This site is optimized with the Yoast SEO plugin v16.4 - https:\/\/yoast.com\/wordpress\/plugins\/seo\/ -->\n<title>Processo - Everycent - Finance<\/title>\n<meta name=\"robots\" content=\"index, follow, max-snippet:-1, max-image-preview:large, max-video-preview:-1\" \/>\n<link rel=\"canonical\" href=\"https:\/\/everycent.pt\/finance\/processo\/\" \/>\n<meta property=\"og:locale\" content=\"pt_PT\" \/>\n<meta property=\"og:type\" content=\"article\" \/>\n<meta property=\"og:title\" content=\"Processo - Everycent - Finance\" \/>\n<meta property=\"og:description\" content=\"[vc_row css=&#8221;.vc_custom_1596050017408{padding-top: 30px !important;padding-bottom: 60px !important;}&#8221;][vc_column width=&#8221;2\/3&#8243;][\/vc_column][vc_column width=&#8221;1\/3&#8243;][\/vc_column][\/vc_row][vc_row css=&#8221;.vc_custom_1605094865181{padding-top: 0px !important;padding-bottom: 36px !important;}&#8221;][vc_column][\/vc_column][\/vc_row]\" \/>\n<meta property=\"og:url\" content=\"https:\/\/everycent.pt\/finance\/processo\/\" \/>\n<meta property=\"og:site_name\" content=\"Everycent - Finance\" \/>\n<meta property=\"article:modified_time\" content=\"2021-05-03T15:22:19+00:00\" \/>\n<meta name=\"twitter:card\" content=\"summary_large_image\" \/>\n<meta name=\"twitter:label1\" content=\"Tempo estimado de leitura\" \/>\n\t<meta name=\"twitter:data1\" content=\"3 minutos\" \/>\n<script type=\"application\/ld+json\" class=\"yoast-schema-graph\">{\"@context\":\"https:\/\/schema.org\",\"@graph\":[{\"@type\":\"WebSite\",\"@id\":\"https:\/\/everycent.pt\/finance\/#website\",\"url\":\"https:\/\/everycent.pt\/finance\/\",\"name\":\"Everycent - Finance\",\"description\":\"Just another Everycent site\",\"potentialAction\":[{\"@type\":\"SearchAction\",\"target\":\"https:\/\/everycent.pt\/finance\/?s={search_term_string}\",\"query-input\":\"required name=search_term_string\"}],\"inLanguage\":\"pt-PT\"},{\"@type\":\"WebPage\",\"@id\":\"https:\/\/everycent.pt\/finance\/processo\/#webpage\",\"url\":\"https:\/\/everycent.pt\/finance\/processo\/\",\"name\":\"Processo - Everycent - Finance\",\"isPartOf\":{\"@id\":\"https:\/\/everycent.pt\/finance\/#website\"},\"datePublished\":\"2019-07-27T05:24:31+00:00\",\"dateModified\":\"2021-05-03T15:22:19+00:00\",\"breadcrumb\":{\"@id\":\"https:\/\/everycent.pt\/finance\/processo\/#breadcrumb\"},\"inLanguage\":\"pt-PT\",\"potentialAction\":[{\"@type\":\"ReadAction\",\"target\":[\"https:\/\/everycent.pt\/finance\/processo\/\"]}]},{\"@type\":\"BreadcrumbList\",\"@id\":\"https:\/\/everycent.pt\/finance\/processo\/#breadcrumb\",\"itemListElement\":[{\"@type\":\"ListItem\",\"position\":1,\"item\":{\"@type\":\"WebPage\",\"@id\":\"https:\/\/everycent.pt\/finance\/\",\"url\":\"https:\/\/everycent.pt\/finance\/\",\"name\":\"In\\u00edcio\"}},{\"@type\":\"ListItem\",\"position\":2,\"item\":{\"@id\":\"https:\/\/everycent.pt\/finance\/processo\/#webpage\"}}]}]}<\/script>\n<!-- \/ Yoast SEO plugin. -->","_links":{"self":[{"href":"https:\/\/everycent.pt\/finance\/wp-json\/wp\/v2\/pages\/1010"}],"collection":[{"href":"https:\/\/everycent.pt\/finance\/wp-json\/wp\/v2\/pages"}],"about":[{"href":"https:\/\/everycent.pt\/finance\/wp-json\/wp\/v2\/types\/page"}],"author":[{"embeddable":true,"href":"https:\/\/everycent.pt\/finance\/wp-json\/wp\/v2\/users\/1"}],"replies":[{"embeddable":true,"href":"https:\/\/everycent.pt\/finance\/wp-json\/wp\/v2\/comments?post=1010"}],"version-history":[{"count":41,"href":"https:\/\/everycent.pt\/finance\/wp-json\/wp\/v2\/pages\/1010\/revisions"}],"predecessor-version":[{"id":4444,"href":"https:\/\/everycent.pt\/finance\/wp-json\/wp\/v2\/pages\/1010\/revisions\/4444"}],"wp:attachment":[{"href":"https:\/\/everycent.pt\/finance\/wp-json\/wp\/v2\/media?parent=1010"}],"curies":[{"name":"wp","href":"https:\/\/api.w.org\/{rel}","templated":true}]}}